{"id":5767,"date":"2025-04-04T17:24:28","date_gmt":"2025-04-04T21:24:28","guid":{"rendered":"https:\/\/lamexicoise.ca\/points-de-vente\/"},"modified":"2025-04-21T17:47:24","modified_gmt":"2025-04-21T21:47:24","slug":"points-of-sale","status":"publish","type":"page","link":"https:\/\/lamexicoise.ca\/en\/points-of-sale\/","title":{"rendered":"Points of Sales"},"content":{"rendered":"\t\t<div data-elementor-type=\"wp-page\" data-elementor-id=\"5767\" class=\"elementor elementor-5767 elementor-5664\" data-elementor-post-type=\"page\">\n\t\t\t\t<div class=\"elementor-element elementor-element-f903ecc e-flex e-con-boxed e-con e-parent\" data-id=\"f903ecc\" data-element_type=\"container\" data-e-type=\"container\" data-settings=\"{&quot;background_background&quot;:&quot;classic&quot;,&quot;jet_parallax_layout_list&quot;:[]}\">\n\t\t\t\t\t<div class=\"e-con-inner\">\n\t\t<div class=\"elementor-element elementor-element-bd19ffa e-con-full e-flex e-con e-child\" data-id=\"bd19ffa\" data-element_type=\"container\" data-e-type=\"container\" data-settings=\"{&quot;jet_parallax_layout_list&quot;:[]}\">\n\t\t\t\t<div class=\"elementor-element elementor-element-66d638b elementor-widget elementor-widget-heading\" data-id=\"66d638b\" data-element_type=\"widget\" data-e-type=\"widget\" data-widget_type=\"heading.default\">\n\t\t\t\t<div class=\"elementor-widget-container\">\n\t\t\t\t\t<h1 class=\"elementor-heading-title elementor-size-default\">Points of sale<\/h1>\t\t\t\t<\/div>\n\t\t\t\t<\/div>\n\t\t\t\t<\/div>\n\t\t\t\t\t<\/div>\n\t\t\t\t<\/div>\n\t\t<div class=\"elementor-element elementor-element-b83e339 e-flex e-con-boxed e-con e-parent\" data-id=\"b83e339\" data-element_type=\"container\" data-e-type=\"container\" data-settings=\"{&quot;background_background&quot;:&quot;classic&quot;,&quot;jet_parallax_layout_list&quot;:[]}\">\n\t\t\t\t\t<div class=\"e-con-inner\">\n\t\t<div class=\"elementor-element elementor-element-1851eee e-con-full e-flex e-con e-child\" data-id=\"1851eee\" data-element_type=\"container\" data-e-type=\"container\" data-settings=\"{&quot;background_background&quot;:&quot;classic&quot;,&quot;jet_parallax_layout_list&quot;:[]}\">\n\t\t\t\t<div class=\"elementor-element elementor-element-4552d65 elementor-widget elementor-widget-image\" data-id=\"4552d65\" data-element_type=\"widget\" data-e-type=\"widget\" data-widget_type=\"image.default\">\n\t\t\t\t<div class=\"elementor-widget-container\">\n\t\t\t\t\t\t\t\t\t\t\t\t\t\t\t<img fetchpriority=\"high\" decoding=\"async\" width=\"1536\" height=\"1085\" src=\"https:\/\/lamexicoise.ca\/wp-content\/uploads\/2025\/04\/chapulin_icon.webp\" class=\"attachment-full size-full wp-image-5628\" alt=\"\" srcset=\"https:\/\/lamexicoise.ca\/wp-content\/uploads\/2025\/04\/chapulin_icon.webp 1536w, https:\/\/lamexicoise.ca\/wp-content\/uploads\/2025\/04\/chapulin_icon-300x212.webp 300w, https:\/\/lamexicoise.ca\/wp-content\/uploads\/2025\/04\/chapulin_icon-1024x723.webp 1024w, https:\/\/lamexicoise.ca\/wp-content\/uploads\/2025\/04\/chapulin_icon-768x543.webp 768w, https:\/\/lamexicoise.ca\/wp-content\/uploads\/2025\/04\/chapulin_icon-600x424.webp 600w\" sizes=\"(max-width: 1536px) 100vw, 1536px\" title=\"\">\t\t\t\t\t\t\t\t\t\t\t\t\t\t\t<\/div>\n\t\t\t\t<\/div>\n\t\t<div class=\"elementor-element elementor-element-a0547f6 e-con-full e-flex e-con e-child\" data-id=\"a0547f6\" data-element_type=\"container\" data-e-type=\"container\" data-settings=\"{&quot;jet_parallax_layout_list&quot;:[]}\">\n\t\t<div class=\"elementor-element elementor-element-6ee41bb e-con-full e-flex e-con e-child\" data-id=\"6ee41bb\" data-element_type=\"container\" data-e-type=\"container\" data-settings=\"{&quot;background_background&quot;:&quot;classic&quot;,&quot;jet_parallax_layout_list&quot;:[]}\">\n\t\t\t\t<div class=\"elementor-element elementor-element-408a0d3 elementor-view-default elementor-widget elementor-widget-icon\" data-id=\"408a0d3\" data-element_type=\"widget\" data-e-type=\"widget\" data-widget_type=\"icon.default\">\n\t\t\t\t<div class=\"elementor-widget-container\">\n\t\t\t\t\t\t\t<div class=\"elementor-icon-wrapper\">\n\t\t\t<div class=\"elementor-icon\">\n\t\t\t<svg aria-hidden=\"true\" class=\"e-font-icon-svg e-fas-store\" viewBox=\"0 0 616 512\" xmlns=\"http:\/\/www.w3.org\/2000\/svg\"><path d=\"M602 118.6L537.1 15C531.3 5.7 521 0 510 0H106C95 0 84.7 5.7 78.9 15L14 118.6c-33.5 53.5-3.8 127.9 58.8 136.4 4.5.6 9.1.9 13.7.9 29.6 0 55.8-13 73.8-33.1 18 20.1 44.3 33.1 73.8 33.1 29.6 0 55.8-13 73.8-33.1 18 20.1 44.3 33.1 73.8 33.1 29.6 0 55.8-13 73.8-33.1 18.1 20.1 44.3 33.1 73.8 33.1 4.7 0 9.2-.3 13.7-.9 62.8-8.4 92.6-82.8 59-136.4zM529.5 288c-10 0-19.9-1.5-29.5-3.8V384H116v-99.8c-9.6 2.2-19.5 3.8-29.5 3.8-6 0-12.1-.4-18-1.2-5.6-.8-11.1-2.1-16.4-3.6V480c0 17.7 14.3 32 32 32h448c17.7 0 32-14.3 32-32V283.2c-5.4 1.6-10.8 2.9-16.4 3.6-6.1.8-12.1 1.2-18.2 1.2z\"><\/path><\/svg>\t\t\t<\/div>\n\t\t<\/div>\n\t\t\t\t\t\t<\/div>\n\t\t\t\t<\/div>\n\t\t\t\t<div class=\"elementor-element elementor-element-15936d6 elementor-widget elementor-widget-heading\" data-id=\"15936d6\" data-element_type=\"widget\" data-e-type=\"widget\" data-widget_type=\"heading.default\">\n\t\t\t\t<div class=\"elementor-widget-container\">\n\t\t\t\t\t<h2 class=\"elementor-heading-title elementor-size-default\">GROCERIES<\/h2>\t\t\t\t<\/div>\n\t\t\t\t<\/div>\n\t\t\t\t<div class=\"elementor-element elementor-element-777bc32 elementor-widget elementor-widget-text-editor\" data-id=\"777bc32\" data-element_type=\"widget\" data-e-type=\"widget\" data-widget_type=\"text-editor.default\">\n\t\t\t\t<div class=\"elementor-widget-container\">\n\t\t\t\t\t\t\t\t\t<p class=\"font_8\"><a href=\"https:\/\/couffinbiocdn.ca\/\" target=\"_blank\" rel=\"noopener\" data-content=\"https:\/\/couffinbiocdn.ca\" data-type=\"external\">Couffin Bio<\/a><\/p><p class=\"font_8\"><a href=\"https:\/\/cooplamanne.com\/\" target=\"_self\" rel=\"noopener\" data-content=\"https:\/\/cooplamanne.com\/\" data-type=\"external\">La Manne (\u00e0 Victoriaville)<\/a><\/p><p class=\"font_8\"><a href=\"http:\/\/www.lesilo.co\/\" target=\"_blank\" rel=\"noopener\" data-content=\"http:\/\/www.lesilo.co\" data-type=\"external\">Le Silo (\u00e0\u00a0Sherbrooke)<\/a><\/p><p class=\"font_8\"><a href=\"https:\/\/www.epicerieloco.ca\/\" target=\"_blank\" rel=\"noopener\" data-content=\"https:\/\/www.epicerieloco.ca\" data-type=\"external\">\u200bLoco (rue Jarry \u00e0\u00a0Mtl)<\/a><\/p><p class=\"font_8\"><a href=\"https:\/\/www.epicerieloco.ca\/loco-verdun\" target=\"_self\" rel=\"noopener\" data-content=\"https:\/\/www.epicerieloco.ca\/loco-verdun\" data-type=\"external\">Loco (rue Wellington \u00e0 Verdun)<\/a><\/p><p class=\"font_8\"><a href=\"https:\/\/www.epicerieloco.ca\/loco-brossard\/\" target=\"_self\" rel=\"noopener\" data-content=\"https:\/\/www.epicerieloco.ca\/loco-brossard\/\" data-type=\"external\">Loco (\u00e0 Brossard)<\/a><\/p><p class=\"font_8\"><a href=\"https:\/\/megavrac.com\/\" target=\"_self\" rel=\"noopener\" data-content=\"https:\/\/megavrac.com\/\" data-type=\"external\">M\u00e9ga-Vrac<\/a><\/p><p class=\"font_8\"><a href=\"http:\/\/www.elreydeltaco.ca\/\" target=\"_blank\" rel=\"noopener\" data-content=\"http:\/\/www.elreydeltaco.ca\" data-type=\"external\">Roi du taco<\/a><\/p><p class=\"font_8\"><a href=\"https:\/\/vracetbocaux.ca\/\" target=\"_blank\" rel=\"noopener\" data-content=\"https:\/\/vracetbocaux.ca\" data-type=\"external\">Vrac et Bocaux<\/a><\/p><p class=\"font_8\"><a href=\"https:\/\/www.facebook.com\/Yasolo-Fine-Epicerie-Exotique-235650019908090\/\" target=\"_blank\" rel=\"noopener\" data-content=\"https:\/\/www.facebook.com\/Yasolo-Fine-Epicerie-Exotique-235650019908090\/\" data-type=\"external\">Yasolo<\/a><\/p><p class=\"font_8\"><a href=\"https:\/\/www.marchespublics-mtl.com\/marchands\/le-vrac-du-marche\/\" target=\"_self\" rel=\"noopener\" data-content=\"https:\/\/www.marchespublics-mtl.com\/marchands\/le-vrac-du-marche\/\" data-type=\"external\">Le vrac du march\u00e9 Atwater\u00a0<\/a><\/p>\t\t\t\t\t\t\t\t<\/div>\n\t\t\t\t<\/div>\n\t\t\t\t<\/div>\n\t\t<div class=\"elementor-element elementor-element-d965255 e-con-full e-flex e-con e-child\" data-id=\"d965255\" data-element_type=\"container\" data-e-type=\"container\" data-settings=\"{&quot;background_background&quot;:&quot;classic&quot;,&quot;jet_parallax_layout_list&quot;:[]}\">\n\t\t\t\t<div class=\"elementor-element elementor-element-fe3a1dc elementor-view-default elementor-widget elementor-widget-icon\" data-id=\"fe3a1dc\" data-element_type=\"widget\" data-e-type=\"widget\" data-widget_type=\"icon.default\">\n\t\t\t\t<div class=\"elementor-widget-container\">\n\t\t\t\t\t\t\t<div class=\"elementor-icon-wrapper\">\n\t\t\t<div class=\"elementor-icon\">\n\t\t\t<svg aria-hidden=\"true\" class=\"e-font-icon-svg e-fas-store-alt\" viewBox=\"0 0 640 512\" xmlns=\"http:\/\/www.w3.org\/2000\/svg\"><path d=\"M320 384H128V224H64v256c0 17.7 14.3 32 32 32h256c17.7 0 32-14.3 32-32V224h-64v160zm314.6-241.8l-85.3-128c-6-8.9-16-14.2-26.7-14.2H117.4c-10.7 0-20.7 5.3-26.6 14.2l-85.3 128c-14.2 21.3 1 49.8 26.6 49.8H608c25.5 0 40.7-28.5 26.6-49.8zM512 496c0 8.8 7.2 16 16 16h32c8.8 0 16-7.2 16-16V224h-64v272z\"><\/path><\/svg>\t\t\t<\/div>\n\t\t<\/div>\n\t\t\t\t\t\t<\/div>\n\t\t\t\t<\/div>\n\t\t\t\t<div class=\"elementor-element elementor-element-e5ce4de elementor-widget elementor-widget-heading\" data-id=\"e5ce4de\" data-element_type=\"widget\" data-e-type=\"widget\" data-widget_type=\"heading.default\">\n\t\t\t\t<div class=\"elementor-widget-container\">\n\t\t\t\t\t<h2 class=\"elementor-heading-title elementor-size-default\">SHOPS AND SCHOOLS\n<\/h2>\t\t\t\t<\/div>\n\t\t\t\t<\/div>\n\t\t\t\t<div class=\"elementor-element elementor-element-cf311d4 elementor-widget elementor-widget-text-editor\" data-id=\"cf311d4\" data-element_type=\"widget\" data-e-type=\"widget\" data-widget_type=\"text-editor.default\">\n\t\t\t\t<div class=\"elementor-widget-container\">\n\t\t\t\t\t\t\t\t\t<p class=\"font_8\"><a href=\"http:\/\/espacepourlavie.ca\/en\/insectarium\" target=\"_blank\" rel=\"noopener\" data-content=\"http:\/\/espacepourlavie.ca\/en\/insectarium\" data-type=\"external\">I<\/a><a href=\"http:\/\/espacepourlavie.ca\/en\/insectarium\" target=\"_blank\" rel=\"noopener\" data-content=\"http:\/\/espacepourlavie.ca\/en\/insectarium\" data-type=\"external\">nsectarium de Montr\u00e9al<\/a><\/p><p class=\"font_8\"><a href=\"http:\/\/quartierinnovationmontreal.com\/en\/projects\/neoshop-montreal\" target=\"_blank\" rel=\"noopener\" data-content=\"http:\/\/quartierinnovationmontreal.com\/en\/projects\/neoshop-montreal\" data-type=\"external\">Jardin Botanique<\/a><\/p><p class=\"font_8\"><a href=\"http:\/\/www.complexeatlantide.com\/\" target=\"_self\" rel=\"noopener\" data-content=\"http:\/\/www.complexeatlantide.com\/\" data-type=\"external\">Complexe atlantide<\/a><\/p><p class=\"font_8\"><a href=\"https:\/\/cdsl.qc.ca\/\" target=\"_self\" rel=\"noopener\" data-content=\"https:\/\/cdsl.qc.ca\/\" data-type=\"external\">College Durocher Saint-Lambert<\/a><\/p><p class=\"font_8\"><a href=\"https:\/\/www.ecolesecondairemontroyal.ca\/\" target=\"_self\" rel=\"noopener\" data-content=\"https:\/\/www.ecolesecondairemontroyal.ca\/\" data-type=\"external\">\u00c9cole secondaire\u00a0Mont-Royal<\/a><\/p>\t\t\t\t\t\t\t\t<\/div>\n\t\t\t\t<\/div>\n\t\t\t\t<\/div>\n\t\t<div class=\"elementor-element elementor-element-0ae31b9 e-con-full e-flex e-con e-child\" data-id=\"0ae31b9\" data-element_type=\"container\" data-e-type=\"container\" data-settings=\"{&quot;background_background&quot;:&quot;classic&quot;,&quot;jet_parallax_layout_list&quot;:[]}\">\n\t\t\t\t<div class=\"elementor-element elementor-element-530c824 elementor-view-default elementor-widget elementor-widget-icon\" data-id=\"530c824\" data-element_type=\"widget\" data-e-type=\"widget\" data-widget_type=\"icon.default\">\n\t\t\t\t<div class=\"elementor-widget-container\">\n\t\t\t\t\t\t\t<div class=\"elementor-icon-wrapper\">\n\t\t\t<div class=\"elementor-icon\">\n\t\t\t<svg aria-hidden=\"true\" class=\"e-font-icon-svg e-fas-glass-cheers\" viewBox=\"0 0 640 512\" xmlns=\"http:\/\/www.w3.org\/2000\/svg\"><path d=\"M639.4 433.6c-8.4-20.4-31.8-30.1-52.2-21.6l-22.1 9.2-38.7-101.9c47.9-35 64.8-100.3 34.5-152.8L474.3 16c-8-13.9-25.1-19.7-40-13.6L320 49.8 205.7 2.4c-14.9-6.2-32-.3-40 13.6L79.1 166.5C48.9 219 65.7 284.3 113.6 319.2L74.9 421.1l-22.1-9.2c-20.4-8.5-43.7 1.2-52.2 21.6-1.7 4.1.2 8.8 4.3 10.5l162.3 67.4c4.1 1.7 8.7-.2 10.4-4.3 8.4-20.4-1.2-43.8-21.6-52.3l-22.1-9.2L173.3 342c4.4.5 8.8 1.3 13.1 1.3 51.7 0 99.4-33.1 113.4-85.3l20.2-75.4 20.2 75.4c14 52.2 61.7 85.3 113.4 85.3 4.3 0 8.7-.8 13.1-1.3L506 445.6l-22.1 9.2c-20.4 8.5-30.1 31.9-21.6 52.3 1.7 4.1 6.4 6 10.4 4.3L635.1 444c4-1.7 6-6.3 4.3-10.4zM275.9 162.1l-112.1-46.5 36.5-63.4 94.5 39.2-18.9 70.7zm88.2 0l-18.9-70.7 94.5-39.2 36.5 63.4-112.1 46.5z\"><\/path><\/svg>\t\t\t<\/div>\n\t\t<\/div>\n\t\t\t\t\t\t<\/div>\n\t\t\t\t<\/div>\n\t\t\t\t<div class=\"elementor-element elementor-element-9e69a71 elementor-widget elementor-widget-heading\" data-id=\"9e69a71\" data-element_type=\"widget\" data-e-type=\"widget\" data-widget_type=\"heading.default\">\n\t\t\t\t<div class=\"elementor-widget-container\">\n\t\t\t\t\t<h2 class=\"elementor-heading-title elementor-size-default\">RESTAURANTS<\/h2>\t\t\t\t<\/div>\n\t\t\t\t<\/div>\n\t\t\t\t<div class=\"elementor-element elementor-element-c9fd78e elementor-widget elementor-widget-text-editor\" data-id=\"c9fd78e\" data-element_type=\"widget\" data-e-type=\"widget\" data-widget_type=\"text-editor.default\">\n\t\t\t\t<div class=\"elementor-widget-container\">\n\t\t\t\t\t\t\t\t\t<p class=\"font_8\"><a href=\"https:\/\/www.clandestinomtl.com\/\" target=\"_self\" rel=\"noopener\" data-content=\"https:\/\/www.clandestinomtl.com\/\" data-type=\"external\">Bar Clandestino<\/a><\/p><p class=\"font_8\"><a href=\"https:\/\/caifanmontreal.com\/en\/home\/\" target=\"_self\" rel=\"noopener\" data-content=\"https:\/\/caifanmontreal.com\/en\/home\/\" data-type=\"external\">Caifan<\/a><\/p><p class=\"font_8\"><a href=\"http:\/\/centraleculinaire.ca\/\" target=\"_self\" rel=\"noopener\" data-content=\"http:\/\/centraleculinaire.ca\/\" data-type=\"external\">Centrale Culinaire<\/a><\/p><p class=\"font_8\"><a href=\"https:\/\/www.dulcepassion.com\/\" target=\"_self\" rel=\"noopener\" data-content=\"https:\/\/www.dulcepassion.com\/\" data-type=\"external\">Dulce Passion (\u00e0 Longueuil)<\/a><\/p><p class=\"font_8\"><a href=\"https:\/\/www.facebook.com\/restaurantfridamtl\" target=\"_self\" rel=\"noopener\" data-content=\"https:\/\/www.facebook.com\/restaurantfridamtl\" data-type=\"external\">Frida<\/a><\/p><p class=\"font_8\"><a href=\"http:\/\/www.lacapitaltacos.ca\/\" target=\"_blank\" rel=\"noopener\" data-content=\"http:\/\/www.lacapitaltacos.ca\" data-type=\"external\">La Capital Tacos<\/a><\/p><p class=\"font_8\"><a href=\"http:\/\/www.restaurantlaselva.com\/\" target=\"_blank\" rel=\"noopener\" data-content=\"http:\/\/www.restaurantlaselva.com\" data-type=\"external\">La Selva<\/a><\/p><p class=\"font_8\">T<a href=\"https:\/\/www.facebook.com\/tachidomontreal\/\" target=\"_blank\" rel=\"noopener\" data-content=\"https:\/\/www.facebook.com\/tachidomontreal\/\" data-type=\"external\">achido<\/a><\/p><p class=\"font_8\"><a href=\"http:\/\/antojo.ca\/\" target=\"_self\" rel=\"noopener\" data-content=\"http:\/\/antojo.ca\/\" data-type=\"external\">Antojo (Halifax)<\/a><\/p><p class=\"font_8\"><a href=\"https:\/\/le47.com\/restaurant\" target=\"_self\" rel=\"noopener\" data-content=\"https:\/\/le47.com\/restaurant\" data-type=\"external\">Caf\u00e9 47 (Qu\u00e9bec)<\/a><\/p>\t\t\t\t\t\t\t\t<\/div>\n\t\t\t\t<\/div>\n\t\t\t\t<\/div>\n\t\t\t\t<\/div>\n\t\t\t\t<\/div>\n\t\t\t\t\t<\/div>\n\t\t\t\t<\/div>\n\t\t\t\t<\/div>\n\t\t","protected":false},"excerpt":{"rendered":"<p>Points of sale GROCERIES Couffin Bio La Manne (\u00e0 Victoriaville) Le Silo (\u00e0\u00a0Sherbrooke) \u200bLoco (rue Jarry \u00e0\u00a0Mtl) Loco (rue Wellington \u00e0 Verdun) Loco (\u00e0 Brossard) M\u00e9ga-Vrac Roi du taco Vrac et Bocaux Yasolo Le vrac du march\u00e9 Atwater\u00a0 SHOPS AND SCHOOLS Insectarium de Montr\u00e9al Jardin Botanique Complexe atlantide College Durocher Saint-Lambert \u00c9cole secondaire\u00a0Mont-Royal RESTAURANTS Bar [&hellip;]<\/p>\n","protected":false},"author":1,"featured_media":0,"parent":0,"menu_order":0,"comment_status":"closed","ping_status":"closed","template":"","meta":{"site-sidebar-layout":"no-sidebar","site-content-layout":"page-builder","ast-site-content-layout":"full-width-container","site-content-style":"default","site-sidebar-style":"default","ast-global-header-display":"","ast-banner-title-visibility":"","ast-main-header-display":"","ast-hfb-above-header-display":"","ast-hfb-below-header-display":"","ast-hfb-mobile-header-display":"","site-post-title":"disabled","ast-breadcrumbs-content":"","ast-featured-img":"disabled","footer-sml-layout":"","ast-disable-related-posts":"","theme-transparent-header-meta":"","adv-header-id-meta":"","stick-header-meta":"","header-above-stick-meta":"","header-main-stick-meta":"","header-below-stick-meta":"","astra-migrate-meta-layouts":"set","ast-page-background-enabled":"default","ast-page-background-meta":{"desktop":{"background-color":"","background-image":"","background-repeat":"repeat","background-position":"center center","background-size":"auto","background-attachment":"scroll","background-type":"","background-media":"","overlay-type":"","overlay-color":"","overlay-opacity":"","overlay-gradient":""},"tablet":{"background-color":"","background-image":"","background-repeat":"repeat","background-position":"center center","background-size":"auto","background-attachment":"scroll","background-type":"","background-media":"","overlay-type":"","overlay-color":"","overlay-opacity":"","overlay-gradient":""},"mobile":{"background-color":"","background-image":"","background-repeat":"repeat","background-position":"center center","background-size":"auto","background-attachment":"scroll","background-type":"","background-media":"","overlay-type":"","overlay-color":"","overlay-opacity":"","overlay-gradient":""}},"ast-content-background-meta":{"desktop":{"background-color":"var(--ast-global-color-5)","background-image":"","background-repeat":"repeat","background-position":"center center","background-size":"auto","background-attachment":"scroll","background-type":"","background-media":"","overlay-type":"","overlay-color":"","overlay-opacity":"","overlay-gradient":""},"tablet":{"background-color":"var(--ast-global-color-5)","background-image":"","background-repeat":"repeat","background-position":"center center","background-size":"auto","background-attachment":"scroll","background-type":"","background-media":"","overlay-type":"","overlay-color":"","overlay-opacity":"","overlay-gradient":""},"mobile":{"background-color":"var(--ast-global-color-5)","background-image":"","background-repeat":"repeat","background-position":"center center","background-size":"auto","background-attachment":"scroll","background-type":"","background-media":"","overlay-type":"","overlay-color":"","overlay-opacity":"","overlay-gradient":""}},"footnotes":""},"class_list":["post-5767","page","type-page","status-publish","hentry"],"_links":{"self":[{"href":"https:\/\/lamexicoise.ca\/en\/wp-json\/wp\/v2\/pages\/5767","targetHints":{"allow":["GET"]}}],"collection":[{"href":"https:\/\/lamexicoise.ca\/en\/wp-json\/wp\/v2\/pages"}],"about":[{"href":"https:\/\/lamexicoise.ca\/en\/wp-json\/wp\/v2\/types\/page"}],"author":[{"embeddable":true,"href":"https:\/\/lamexicoise.ca\/en\/wp-json\/wp\/v2\/users\/1"}],"replies":[{"embeddable":true,"href":"https:\/\/lamexicoise.ca\/en\/wp-json\/wp\/v2\/comments?post=5767"}],"version-history":[{"count":0,"href":"https:\/\/lamexicoise.ca\/en\/wp-json\/wp\/v2\/pages\/5767\/revisions"}],"wp:attachment":[{"href":"https:\/\/lamexicoise.ca\/en\/wp-json\/wp\/v2\/media?parent=5767"}],"curies":[{"name":"wp","href":"https:\/\/api.w.org\/{rel}","templated":true}]}}